{"id":847,"date":"2022-09-06T12:47:02","date_gmt":"2022-09-06T10:47:02","guid":{"rendered":"http:\/\/www.forkurset.no\/?page_id=847"},"modified":"2022-10-20T09:34:32","modified_gmt":"2022-10-20T07:34:32","slug":"fagmote-2021","status":"publish","type":"page","link":"https:\/\/www.forkurset.no\/?page_id=847","title":{"rendered":"Fagm\u00f8te 2022"},"content":{"rendered":"\n<h1>Program for nasjonalt forkursseminar 26. &#8211; 27. oktober 2022<\/h1>\n<h3>Fellessekretariatet \u00f8nsker velkommen til \u00e5rets m\u00f8te som denne gangen blir fysisk og avholdes p\u00e5 Scandic Lerkendal i Trondheim.<\/h3>\n<h3>Program<\/h3>\n<p><strong>Onsdag 26. oktober <\/strong><\/p>\n<p>10:00 \u2013 10:30 \u00a0\u00a0 Registrering og kaffe\/ frukt<br \/>10:30 \u2013 10:40\u00a0\u00a0\u00a0\u00a0Sekretariatet \u00f8nsker velkommen \u2013 Ketil Arnesen<br \/>10:40 \u2013 11:10\u00a0 \u00a0 Oppsummering av eksamensavviklingen sensur 2022 \u2013 P\u00e5l Risan<br \/>11:10 \u2013 11:30\u00a0 \u00a0 Tverrfaglighet i forkurset &#8211; Vegard Talmo<br \/>11.30 \u2013 12:30 \u00a0\u00a0 Lunsj<br \/>12:30 \u2013 16:00\u00a0 \u00a0 Arbeid i faggrupper ut fra innmeldte saker. <br \/>19:00\u00a0 \u00a0 \u00a0 \u00a0 \u00a0 \u00a0 \u00a0 \u00a0 \u00a0Felles middag\u00a0 \u00a0 \u00a0 \u00a0 \u00a0 \u00a0\u00a0<\/p>\n<p>\u00a0<\/p>\n<p><strong>Torsdag 27. oktober <\/strong><\/p>\n<p>09:00 \u2013 10:30\u00a0\u00a0\u00a0\u00a0Oppsummering fra fagseksjoner i plenum<br \/>10:45 \u2013 11:30\u00a0\u00a0\u00a0\u00a0Desentralisert realfagskurs p\u00e5 HVL &#8211; Trygve Buanes<br \/>11:30 \u2013 12:30\u00a0 \u00a0 Lunsj <br \/>12:30 \u2013 13:00 \u00a0\u00a0 Innmeldte saker<br \/>13:00 \u2013 13:15\u00a0\u00a0\u00a0\u00a0Oppsummering og avslutning<br \/><br \/><\/p>\n<p>\u00a0<\/p>\n<p>\u00a0<\/p>\n<p>\u00a0<\/p>\n","protected":false},"excerpt":{"rendered":"<p>Program for nasjonalt forkursseminar 26. &#8211; 27. oktober 2022 Fellessekretariatet \u00f8nsker velkommen til \u00e5rets m\u00f8te som denne gangen blir fysisk og avholdes p\u00e5 Scandic Lerkendal [&#8230;]<\/p>\n","protected":false},"author":4,"featured_media":0,"parent":392,"menu_order":0,"comment_status":"closed","ping_status":"closed","template":"","meta":{"footnotes":""},"class_list":["post-847","page","type-page","status-publish","hentry"],"_links":{"self":[{"href":"https:\/\/www.forkurset.no\/index.php?rest_route=\/wp\/v2\/pages\/847","targetHints":{"allow":["GET"]}}],"collection":[{"href":"https:\/\/www.forkurset.no\/index.php?rest_route=\/wp\/v2\/pages"}],"about":[{"href":"https:\/\/www.forkurset.no\/index.php?rest_route=\/wp\/v2\/types\/page"}],"author":[{"embeddable":true,"href":"https:\/\/www.forkurset.no\/index.php?rest_route=\/wp\/v2\/users\/4"}],"replies":[{"embeddable":true,"href":"https:\/\/www.forkurset.no\/index.php?rest_route=%2Fwp%2Fv2%2Fcomments&post=847"}],"version-history":[{"count":0,"href":"https:\/\/www.forkurset.no\/index.php?rest_route=\/wp\/v2\/pages\/847\/revisions"}],"up":[{"embeddable":true,"href":"https:\/\/www.forkurset.no\/index.php?rest_route=\/wp\/v2\/pages\/392"}],"wp:attachment":[{"href":"https:\/\/www.forkurset.no\/index.php?rest_route=%2Fwp%2Fv2%2Fmedia&parent=847"}],"curies":[{"name":"wp","href":"https:\/\/api.w.org\/{rel}","templated":true}]}}