{"id":717,"date":"2020-11-18T11:00:05","date_gmt":"2020-11-18T10:00:05","guid":{"rendered":"http:\/\/www.forkurset.no\/?page_id=717"},"modified":"2020-11-24T10:01:49","modified_gmt":"2020-11-24T09:01:49","slug":"referater-og-dokumenter","status":"publish","type":"page","link":"https:\/\/www.forkurset.no\/?page_id=717","title":{"rendered":"Referater og dokumenter"},"content":{"rendered":"\n<ul class=\"wp-block-list\"><li><a href=\"http:\/\/www.forkurset.no\/?page_id=712\">Innkalling og program<\/a><\/li><li>Eksamensavvikling 2020<ul><li><a href=\"http:\/\/www.forkurset.no\/wp-content\/uploads\/2020\/11\/2-Oppsummering-eksamensavvikling-2020-10.11.20.pdf\">Oppsummering<\/a><\/li><li><a href=\"http:\/\/www.forkurset.no\/wp-content\/uploads\/2020\/11\/Karakterfordeling-alle-emner-2020.pdf\">Karakterer fordelt p\u00e5 emne<\/a><\/li><li><a href=\"http:\/\/www.forkurset.no\/wp-content\/uploads\/2020\/11\/Gjennomf\u00f8ring-studiesteder-2020.pdf\">Gjennomf\u00f8ring fordelt p\u00e5 studiested<\/a><\/li><\/ul><\/li><li>Referater fra diskusjon om eksamensavvikling 2021<ul><li><a href=\"http:\/\/www.forkurset.no\/wp-content\/uploads\/2020\/11\/a-Referat-fra-administrativ-gruppe-Nasjonalt-forkursm\u00f8te-2020-Gunhild-Raunsgard-13.11.20.pdf\">Administrasjon<\/a><\/li><li><a href=\"http:\/\/www.forkurset.no\/wp-content\/uploads\/2020\/11\/c-Referat-fra-fysikk-matematikkgruppa-Magne-Haugen-10.11.20.pdf\">Fysikk<\/a><\/li><li><a href=\"http:\/\/www.forkurset.no\/wp-content\/uploads\/2020\/11\/d-Referat-fra-Kommunjikasjon-og-norsk-gruppen-Nasjonalt-forkursm\u00f8te-2020-10.11.20.pdf\">Kommunikasjon og norsk<\/a><\/li><li><a href=\"http:\/\/www.forkurset.no\/wp-content\/uploads\/2020\/11\/b-Referat-fra-matematikkgruppen-Nasjonalt-forkursm\u00f8te-i-matematikk-2020-10.11.20.pdf\">Matematikk<\/a><\/li><li><a href=\"http:\/\/www.forkurset.no\/wp-content\/uploads\/2020\/11\/e-Referat-fra-Teknologi-og-samfunnsgruppen-Nasjonalt-forkursm\u00f8te-2020-11.11.20.pdf\">Teknologi og samfunn<\/a><\/li><\/ul><\/li><li><a href=\"http:\/\/www.forkurset.no\/wp-content\/uploads\/2020\/11\/5-Konsekvenser-av-fagfornyelsen-Brit-Julb\u00f8-Nasjonalt-forkursm\u00f8te-11.11.20.pdf\">Presentasjon om fagfornyelsen fra Julb\u00f8komiteen<\/a><\/li><li> Referater fra diskusjon om fagfornyelsen<ul><li><a href=\"http:\/\/www.forkurset.no\/wp-content\/uploads\/2020\/11\/Referat-om-fagfornyelsen-Administrasjonsgruppa-11.11.20.pdf\">Administrasjon<\/a><\/li><li>Fysikk<\/li><li><a href=\"http:\/\/www.forkurset.no\/wp-content\/uploads\/2020\/11\/Referat-om-fagfornyelsen-Kommunikasjon-og-norsk-11.11.20.pdf\">Kommunikasjon og norsk<\/a><\/li><li><a href=\"http:\/\/www.forkurset.no\/wp-content\/uploads\/2020\/11\/Referat-om-fagfornyelsen-Matematikkgruppa-11.11.20.pdf\">Matematikk<\/a><\/li><li><a href=\"http:\/\/www.forkurset.no\/wp-content\/uploads\/2020\/11\/Referat-om-fagfornyelsen-Teknologi-og-samfunn-11.11.20.pdf\">Teknologi og samfunn<\/a> <\/li><\/ul><\/li><\/ul>\n\n\n\n<p><\/p>\n","protected":false},"excerpt":{"rendered":"<p>Innkalling og program Eksamensavvikling 2020 Oppsummering Karakterer fordelt p\u00e5 emne Gjennomf\u00f8ring fordelt p\u00e5 studiested Referater fra diskusjon om eksamensavvikling 2021 Administrasjon Fysikk Kommunikasjon og norsk [&#8230;]<\/p>\n","protected":false},"author":4,"featured_media":0,"parent":712,"menu_order":0,"comment_status":"closed","ping_status":"closed","template":"","meta":{"footnotes":""},"class_list":["post-717","page","type-page","status-publish","hentry"],"_links":{"self":[{"href":"https:\/\/www.forkurset.no\/index.php?rest_route=\/wp\/v2\/pages\/717","targetHints":{"allow":["GET"]}}],"collection":[{"href":"https:\/\/www.forkurset.no\/index.php?rest_route=\/wp\/v2\/pages"}],"about":[{"href":"https:\/\/www.forkurset.no\/index.php?rest_route=\/wp\/v2\/types\/page"}],"author":[{"embeddable":true,"href":"https:\/\/www.forkurset.no\/index.php?rest_route=\/wp\/v2\/users\/4"}],"replies":[{"embeddable":true,"href":"https:\/\/www.forkurset.no\/index.php?rest_route=%2Fwp%2Fv2%2Fcomments&post=717"}],"version-history":[{"count":0,"href":"https:\/\/www.forkurset.no\/index.php?rest_route=\/wp\/v2\/pages\/717\/revisions"}],"up":[{"embeddable":true,"href":"https:\/\/www.forkurset.no\/index.php?rest_route=\/wp\/v2\/pages\/712"}],"wp:attachment":[{"href":"https:\/\/www.forkurset.no\/index.php?rest_route=%2Fwp%2Fv2%2Fmedia&parent=717"}],"curies":[{"name":"wp","href":"https:\/\/api.w.org\/{rel}","templated":true}]}}