{"id":537,"date":"2018-09-10T16:01:22","date_gmt":"2018-09-10T14:01:22","guid":{"rendered":"http:\/\/www.forkurset.no\/?page_id=537"},"modified":"2025-10-03T15:15:43","modified_gmt":"2025-10-03T13:15:43","slug":"horingsresultater-revisjon-av-retningslinjene","status":"publish","type":"page","link":"https:\/\/www.forkurset.no\/?page_id=537","title":{"rendered":"H\u00f8ringer og utredninger av relevans"},"content":{"rendered":"\n<h3 class=\"wp-block-heading\">UHR-MNTs utredning 2025<\/h3>\n\n\n\n<ul class=\"wp-block-list\">\n<li>UHR-MNT sitt <a href=\"https:\/\/www.forkurset.no\/wp-content\/uploads\/2025\/04\/Mandat-og-sammensetning-UHR-MNT.pdf\">mandat for et utvalg<\/a> som skal utrede blant annet status for forkurset og de alternative opptaksveiene. <\/li>\n\n\n\n<li><a href=\"https:\/\/www.forkurset.no\/wp-content\/uploads\/2025\/04\/Oversendelsesbrev-og-mandat-uten-lenke.pdf\">F\u00f8lgebrev til institusjonene<\/a> i anledning en unders\u00f8kelse om institusjonens erfaringer med og synspunkter p\u00e5 forkurs, Y-vei og TRES. <\/li>\n\n\n\n<li>Arbeidsgruppens arbeid er avsluttet og <a href=\"https:\/\/www.forkurset.no\/wp-content\/uploads\/2025\/10\/2025-Rapport-fra-arbeidsgruppe-endelig.pdf\" data-type=\"link\" data-id=\"https:\/\/www.forkurset.no\/wp-content\/uploads\/2025\/10\/2025-Rapport-fra-arbeidsgruppe-endelig.pdf\">rapporten <\/a>og anbefalte <a href=\"https:\/\/www.forkurset.no\/wp-content\/uploads\/2025\/10\/Anbefaling-Nye-retningslinjer-010925.pdf\" data-type=\"link\" data-id=\"https:\/\/www.forkurset.no\/wp-content\/uploads\/2025\/10\/Anbefaling-Nye-retningslinjer-010925.pdf\">endringer i retningslinjene<\/a> er 2. oktober 2025 sendt ut p\u00e5 h\u00f8ring til UHR-MNTs medlemsorganisasjoner. H\u00f8ringsfristen er 15 februar 2026. <\/li>\n<\/ul>\n\n\n\n<h3 class=\"wp-block-heading\">H\u00f8ring 2018<\/h3>\n\n\n\n<ul class=\"wp-block-list\">\n<li><a href=\"https:\/\/www.forkurset.no\/wp-content\/uploads\/2018\/06\/H\u00f8ring-vedlegg-6.pdf\">H\u00f8ringsbrev fra Forkurssekretariatet til institusjonene<\/a><\/li>\n\n\n\n<li>Det er kommet innspill til h\u00f8ringen fra:<\/li>\n<\/ul>\n\n\n\n<ul class=\"wp-block-list\">\n<li><a href=\"http:\/\/www.forkurset.no\/wp-content\/uploads\/2018\/09\/NTNU.pdf\">NTNU<\/a><\/li>\n\n\n\n<li><a href=\"http:\/\/www.forkurset.no\/wp-content\/uploads\/2018\/09\/Oslo-met.pdf\">Oslo met<\/a><\/li>\n\n\n\n<li><a href=\"http:\/\/www.forkurset.no\/wp-content\/uploads\/2018\/09\/UiA.pdf\">UiA<\/a><\/li>\n\n\n\n<li><a href=\"http:\/\/www.forkurset.no\/wp-content\/uploads\/2018\/09\/UiT.pdf\">UiT<\/a><\/li>\n\n\n\n<li><a href=\"http:\/\/www.forkurset.no\/wp-content\/uploads\/2018\/09\/USN-18_05580-2H\u00f8ringssvar-Forkurs-revisjon-av-retningslinjene-for-alternative-opptaksveier-til-ingeni\u00f8rutdanning.pdf\">USN<\/a><\/li>\n<\/ul>\n","protected":false},"excerpt":{"rendered":"<p>UHR-MNTs utredning 2025 H\u00f8ring 2018<\/p>\n","protected":false},"author":4,"featured_media":0,"parent":28,"menu_order":0,"comment_status":"closed","ping_status":"closed","template":"","meta":{"footnotes":""},"class_list":["post-537","page","type-page","status-publish","hentry"],"_links":{"self":[{"href":"https:\/\/www.forkurset.no\/index.php?rest_route=\/wp\/v2\/pages\/537","targetHints":{"allow":["GET"]}}],"collection":[{"href":"https:\/\/www.forkurset.no\/index.php?rest_route=\/wp\/v2\/pages"}],"about":[{"href":"https:\/\/www.forkurset.no\/index.php?rest_route=\/wp\/v2\/types\/page"}],"author":[{"embeddable":true,"href":"https:\/\/www.forkurset.no\/index.php?rest_route=\/wp\/v2\/users\/4"}],"replies":[{"embeddable":true,"href":"https:\/\/www.forkurset.no\/index.php?rest_route=%2Fwp%2Fv2%2Fcomments&post=537"}],"version-history":[{"count":0,"href":"https:\/\/www.forkurset.no\/index.php?rest_route=\/wp\/v2\/pages\/537\/revisions"}],"up":[{"embeddable":true,"href":"https:\/\/www.forkurset.no\/index.php?rest_route=\/wp\/v2\/pages\/28"}],"wp:attachment":[{"href":"https:\/\/www.forkurset.no\/index.php?rest_route=%2Fwp%2Fv2%2Fmedia&parent=537"}],"curies":[{"name":"wp","href":"https:\/\/api.w.org\/{rel}","templated":true}]}}