{"id":392,"date":"2017-09-22T11:46:49","date_gmt":"2017-09-22T09:46:49","guid":{"rendered":"http:\/\/www.forkurset.no\/?page_id=392"},"modified":"2025-09-09T09:49:53","modified_gmt":"2025-09-09T07:49:53","slug":"nasjonale-fagmoter","status":"publish","type":"page","link":"https:\/\/www.forkurset.no\/?page_id=392","title":{"rendered":"Nasjonale fagm\u00f8ter"},"content":{"rendered":"<p>15. &#8211; 16. oktober 2025 Bergen (<a href=\"https:\/\/www.forkurset.no\/wp-content\/uploads\/2025\/09\/Invitasjon-og-program-Bergen-2025.pdf\">Innkalling og program<\/a>, og <a href=\"https:\/\/www.forkurset.no\/wp-content\/uploads\/2025\/09\/Prosess-Bergen-2025.pdf\">notat om saksbehandling<\/a>)<\/p>\n<p><a href=\"https:\/\/www.forkurset.no\/?p=1814\">16. &#8211; 17. oktober 2024 Fredrikstad<\/a><\/p>\n<p><a href=\"https:\/\/www.forkurset.no\/?page_id=1499\">25. &#8211; 26. oktober 2023 Grimstad<\/a><\/p>\n<p><a href=\"http:\/\/www.forkurset.no\/?page_id=872\">26. &#8211; 27. oktober 2022 Trondheim<\/a><\/p>\n<p><a href=\"http:\/\/www.forkurset.no\/?page_id=795\">14. &#8211; 15. september 2021 Digitalt<\/a><\/p>\n<p><a href=\"http:\/\/www.forkurset.no\/?page_id=717\">10. -11. november 2020 Digitalt<\/a><\/p>\n<p><a href=\"https:\/\/www.forkurset.no\/wp-content\/uploads\/2020\/07\/webinar-fagfornyelsen.pdf\">27. august 2020 webinar om fagfornyelsen<\/a><\/p>\n<p><a href=\"https:\/\/www.forkurset.no\/?page_id=1716\">12. &#8211; 13. september 2019 Kongsberg<\/a><\/p>\n<p><a href=\"http:\/\/www.forkurset.no\/?page_id=585\">13-14. september 2018 i Stavanger<\/a><\/p>\n<p><a href=\"http:\/\/www.forkurset.no\/?page_id=394\">13.-14. november 2017 i Narvik<\/a><\/p>\n<p><a href=\"http:\/\/www.forkurset.no\/?page_id=406\">24.-25. oktober 2016 Trondheim<\/a><\/p>\n<p><a href=\"http:\/\/www.forkurset.no\/?page_id=402\">5.-6. april 2016 i Oslo, Teknologi og samfunn<\/a><\/p>\n<p><a href=\"http:\/\/www.forkurset.no\/?page_id=398\">17.-18. september 2015 Trondheim<\/a><\/p>\n<p><a href=\"https:\/\/www.forkurset.no\/?page_id=1623\">25. februar 2015 ekstraordin\u00e6rt forkursm\u00f8te V\u00e6rnes<\/a><\/p>\n","protected":false},"excerpt":{"rendered":"<p>15. &#8211; 16. oktober 2025 Bergen (Innkalling og program, og notat om saksbehandling) 16. &#8211; 17. oktober 2024 Fredrikstad 25. &#8211; 26. oktober 2023 Grimstad [&#8230;]<\/p>\n","protected":false},"author":4,"featured_media":0,"parent":0,"menu_order":0,"comment_status":"closed","ping_status":"closed","template":"template-fullwidth.php","meta":{"footnotes":""},"class_list":["post-392","page","type-page","status-publish","hentry"],"_links":{"self":[{"href":"https:\/\/www.forkurset.no\/index.php?rest_route=\/wp\/v2\/pages\/392","targetHints":{"allow":["GET"]}}],"collection":[{"href":"https:\/\/www.forkurset.no\/index.php?rest_route=\/wp\/v2\/pages"}],"about":[{"href":"https:\/\/www.forkurset.no\/index.php?rest_route=\/wp\/v2\/types\/page"}],"author":[{"embeddable":true,"href":"https:\/\/www.forkurset.no\/index.php?rest_route=\/wp\/v2\/users\/4"}],"replies":[{"embeddable":true,"href":"https:\/\/www.forkurset.no\/index.php?rest_route=%2Fwp%2Fv2%2Fcomments&post=392"}],"version-history":[{"count":0,"href":"https:\/\/www.forkurset.no\/index.php?rest_route=\/wp\/v2\/pages\/392\/revisions"}],"wp:attachment":[{"href":"https:\/\/www.forkurset.no\/index.php?rest_route=%2Fwp%2Fv2%2Fmedia&parent=392"}],"curies":[{"name":"wp","href":"https:\/\/api.w.org\/{rel}","templated":true}]}}