{"id":28,"date":"2015-02-11T13:24:07","date_gmt":"2015-02-11T13:24:07","guid":{"rendered":"http:\/\/www.forkurset.no\/?page_id=28"},"modified":"2024-01-02T16:43:22","modified_gmt":"2024-01-02T15:43:22","slug":"some-page","status":"publish","type":"page","link":"https:\/\/www.forkurset.no\/?page_id=28","title":{"rendered":"Informasjon for fagl\u00e6rere"},"content":{"rendered":"\n<ul class=\"wp-block-list\"><\/ul>\n\n\n\n\n\n<p>Undervisningen ved forkurset drives av de respektive forkursinstitusjonene. Fagl\u00e6rerne ved disse institusjonene m\u00f8tes en gang i \u00e5ret, normalt i september, der de dr\u00f8fter \u00e5rets eksamensavvikling og bidrar til kvalitetsutvikling i emnet i henhold til retningslinjene. Fagl\u00e6rerne skal sammen med fellessekretariatet og UHR og p\u00e5 vegne av sine institusjoner drive kvalitetsutvikling av tilbudene, b\u00e5de faglig, fagdidaktisk og pedagogisk.<\/p>\n<p>P\u00e5 disse sidene ligger retningslinjer og regelverk som styrer de alternative opptaksveiene, tidligere eksamensoppgaver samt referater og informasjon fra de nasjonale fagm\u00f8tene.\u00a0<\/p>\n","protected":false},"excerpt":{"rendered":"<p>Undervisningen ved forkurset drives av de respektive forkursinstitusjonene. Fagl\u00e6rerne ved disse institusjonene m\u00f8tes en gang i \u00e5ret, normalt i september, der de dr\u00f8fter \u00e5rets eksamensavvikling [&#8230;]<\/p>\n","protected":false},"author":1,"featured_media":0,"parent":0,"menu_order":0,"comment_status":"closed","ping_status":"closed","template":"","meta":{"footnotes":""},"class_list":["post-28","page","type-page","status-publish","hentry"],"_links":{"self":[{"href":"https:\/\/www.forkurset.no\/index.php?rest_route=\/wp\/v2\/pages\/28","targetHints":{"allow":["GET"]}}],"collection":[{"href":"https:\/\/www.forkurset.no\/index.php?rest_route=\/wp\/v2\/pages"}],"about":[{"href":"https:\/\/www.forkurset.no\/index.php?rest_route=\/wp\/v2\/types\/page"}],"author":[{"embeddable":true,"href":"https:\/\/www.forkurset.no\/index.php?rest_route=\/wp\/v2\/users\/1"}],"replies":[{"embeddable":true,"href":"https:\/\/www.forkurset.no\/index.php?rest_route=%2Fwp%2Fv2%2Fcomments&post=28"}],"version-history":[{"count":0,"href":"https:\/\/www.forkurset.no\/index.php?rest_route=\/wp\/v2\/pages\/28\/revisions"}],"wp:attachment":[{"href":"https:\/\/www.forkurset.no\/index.php?rest_route=%2Fwp%2Fv2%2Fmedia&parent=28"}],"curies":[{"name":"wp","href":"https:\/\/api.w.org\/{rel}","templated":true}]}}