{"id":2,"date":"2015-02-11T12:10:06","date_gmt":"2015-02-11T12:10:06","guid":{"rendered":"http:\/\/www.forkurset.no\/?page_id=2"},"modified":"2024-02-05T16:05:12","modified_gmt":"2024-02-05T15:05:12","slug":"sample-page","status":"publish","type":"page","link":"https:\/\/www.forkurset.no\/","title":{"rendered":"Hjem"},"content":{"rendered":"\n<div class=\"wp-block-columns is-layout-flex wp-container-core-columns-is-layout-9d6595d7 wp-block-columns-is-layout-flex\">\n<div class=\"wp-block-column is-layout-flow wp-block-column-is-layout-flow\">\n<h2 class=\"wp-block-heading\">Hvordan kvalifisere deg for ingeni\u00f8rutdanningen?<\/h2>\n<\/div>\n<\/div>\n\n\n\n<p>Det finnes flere alternative opptaksveier for den som vil inn p\u00e5 ingeni\u00f8rutdanningen. To av dem er <em>forkurset <\/em>og <em>realfagskurset<\/em>. Disse gjennomf\u00f8res f\u00f8r oppstart p\u00e5 ingeni\u00f8rstudiet. To andre er <em>Y-vei <\/em>og <em>TRES<\/em>. Da er man allerede tatt opp p\u00e5 ingeni\u00f8rutdanningen etter \u00e5 ha s\u00f8kt p\u00e5 en egen kvote for Y-vei og TRES. Denne nettsiden omfatter prim\u00e6rt informasjon om forkurset og realfagskurset.&nbsp;<\/p>\n\n\n\n<h3 class=\"wp-block-heading\">Forkurset <\/h3>\n\n\n\n<p>Forkurset er den mest benyttede alternative opptaksveien. Forkurset omfatter fem emner og utgj\u00f8r et fullt studium over ett \u00e5r. En fordel med ett\u00e5rig forkurs er at det p\u00e5 alle 3-\u00e5rige ingeni\u00f8rutdanninger er reservert en forkurskvote p\u00e5 20 % av studieplassene for s\u00f8kere med best\u00e5tt forkurs. Forkurset gir ogs\u00e5 muligheten for \u00e5 ta fullt l\u00e5n og stipend fra l\u00e5nekassen.<\/p>\n\n\n\n<p>Forkurs er et ett\u00e5rig studiel\u00f8p som gir opptaksgrunnlag for tre\u00e5rig ingeni\u00f8rutdanning og integrert fem\u00e5rig masterstudium i teknologiske fag. Forkurset er spesielt tilrettelagt for personer med yrkesutdanning og praksis, men som mangler generell studiekompetanse og\/eller fordypning i realfag fra videreg\u00e5ende skole. Forkurset gir ikke generell studiekompetanse. Det kvalifiserer s\u00f8keren kun til opptak p\u00e5 ingeni\u00f8rutdanningen.<\/p>\n\n\n\n<p>Mye av innholdet i forkurset sammenfaller med emner og fordypningsfag i videreg\u00e5ende skole. I hvert emne er noe lagt til og noe er fjernet slik at emnene gir mest mulig grunnlag for teknologiske studier. Studiet krever mye arbeid og god motivasjon.<\/p>\n\n\n\n<div class=\"wp-block-columns is-layout-flex wp-container-core-columns-is-layout-9d6595d7 wp-block-columns-is-layout-flex\">\n<div class=\"wp-block-column is-vertically-aligned-center is-layout-flow wp-block-column-is-layout-flow\" style=\"flex-basis:300px\">\n<p class=\"has-text-align-left\" style=\"margin-right:0px;margin-left:0px;font-size:15px\">Forkurset best\u00e5r i dag av f\u00f8lgende emner:<\/p>\n<\/div>\n\n\n\n<div class=\"wp-block-column is-layout-flow wp-block-column-is-layout-flow\">\n<ul class=\"wp-block-list\">\n<li>Matematikk<\/li>\n\n\n\n<li>Fysikk<\/li>\n\n\n\n<li>Norsk<\/li>\n\n\n\n<li>Engelsk<\/li>\n\n\n\n<li>Teknologi og samfunn<\/li>\n<\/ul>\n<\/div>\n<\/div>\n\n\n\n<h3 class=\"wp-block-heading\">Realfagskurset<\/h3>\n\n\n\n<p>S\u00f8kere som har generell studiekompetanse, men mangler fordypning i matematikk (R1 og R2) og fysikk (F1) kan s\u00f8ke realfagskurset ved de institusjonene der dette tilbys. Dette omfatter kun matematikk og fysikk, og g\u00e5r normalt over et halvt \u00e5r. <\/p>\n\n\n\n<p>Hvis studiestedet kun tilbyr forkurs og ikke realfagskurs, kan en s\u00f8ke fritak i emner der en allerede har studiekompetanse. Det betyr for eksempel at en kan s\u00f8ke fritak i norsk, engelsk og teknologi og samfunn, og kun ta matematikk og fysikk p\u00e5 forkurset. Dette tilsvarer da i praksis realfagskurset, men spredd over ett \u00e5r. Fritak fra emner er noe en kan s\u00f8ke om etter oppstart. <\/p>\n\n\n\n<h3 class=\"wp-block-heading\">Y-vei og TRES<\/h3>\n\n\n\n<p>Y-vei og TRES er to andre opptaksveier. Mens forkurset m\u00e5 gjennomf\u00f8res <em>f\u00f8r <\/em>en s\u00f8ker ingeni\u00f8rutdanningen, gjennomf\u00f8res TRES og Y-vei i l\u00f8pet av ingeni\u00f8rutdanningen, normalt det f\u00f8rste \u00e5ret. TRES omfatter kun fagene matematikk og fysikk, mens Y-vei omfatter i tillegg kommunikasjon og norsk. F\u00f8rste \u00e5ret som ingeni\u00f8rstudent blir dermed ekstra krevende samtidig som dette ogs\u00e5 er en tidseffektiv m\u00e5te \u00e5 kvalifisere seg p\u00e5. <\/p>\n\n\n\n<p>Det er dessuten lettere \u00e5 se nytten av av de tre Y-vei\/TRES-fagene samtidig som en har startet p\u00e5 ingeni\u00f8rfagene; det oppleves mer motiverende og relevant. Matematikk-emnet blir ved de fleste institusjoner gjennomf\u00f8rt om sommeren. <\/p>\n\n\n\n<p>Y-vei er et tilbud til s\u00f8kere som ikke har generell studiekompetanse, men godkjent fagbrev. Y-vei-studenter har derfor verdifull yrkeserfaring som de tar med seg inn i klasserommet. Disse studentene f\u00e5r dermed ofte mer ut av undervisning og egen l\u00e6ring enn andre, men deres praktiske erfaring er ogs\u00e5 til stor nytte for de andre studentene. Y-vei-studentene bidrar til \u00e5 gj\u00f8re ingeni\u00f8rutdanningen bedre.<\/p>\n\n\n\n<p>TRES (tresemesterordningen) er et tilbud for s\u00f8kere med generell studiekompetanse, men som&nbsp;ikke oppfyller kravene i matematikk og fysikk. Gjennomf\u00f8ringen av TRES foreg\u00e5r normalt slik at hele eller deler av matematikk-emnet tas p\u00e5 sommeren f\u00f8r oppstart p\u00e5 ingeni\u00f8rstudiet. Fordelen med en slik intensiv start er at en ved oppstart om h\u00f8sten har matematikken friskt i minne.<\/p>\n\n\n\n<p>V\u00e6r oppmerksom p\u00e5 at av de utdanningsinstitusjonene som tilbyr alternative opptaksveier, er det ikke alle som tilbyr b\u00e5de forkurs, realfagskurs, Y-vei og TRES. For en oversikt over hva som tilbys, se <a href=\"https:\/\/www.forkurset.no\/?page_id=13\">listen over institusjoner her.<\/a> Det finnes mer informasjon om opptakskrav hos <a href=\"https:\/\/www.samordnaopptak.no\/info\/opptak\/opptak-uhg\/andre-veier-til-opptak\/ingeniorutdanning\/index.html\">Samordna opptak<\/a>. P\u00e5 utdanning.no finnes det ogs\u00e5 informasjon om <a href=\"https:\/\/utdanning.no\/utdanning\/uia.no\/forkurs_ingeniorutdanning\">forkurs<\/a>, <a href=\"https:\/\/utdanning.no\/tema\/hjelp_og_veiledning\/y-veien\">Y-vei<\/a> og <a href=\"https:\/\/utdanning.no\/utdanningsoversikt\/tresemesterordning\">TRES<\/a>. Ikke minst finner dere mer detaljert informasjon om emnene p\u00e5 utdanningsinstitusjonenes egne nettsider som dere kan finne p\u00e5 oversikten over institusjoner. <\/p>\n\n\n\n<h3 class=\"wp-block-heading\">Fellessekretariatet <\/h3>\n\n\n\n<p>Fellessekretariatet svarer prim\u00e6rt p\u00e5 sp\u00f8rsm\u00e5l om forkurset og realfagskurset. Vi kan svare p\u00e5 generelle sp\u00f8rsm\u00e5l om Y-vei og TRES, men det er best \u00e5 kontakte direkte de institusjonene som tilbyr dette. <\/p>\n\n\n\n<p>Fellessekretariatet ligger ved Fakultet for informasjonsteknologi og elektroteknikk ved NTNU i perioden 01.01.2015 &#8211; 31.12.2026.<\/p>\n\n\n\n<div class=\"wp-block-columns is-layout-flex wp-container-core-columns-is-layout-df6ef44b wp-block-columns-is-layout-flex\" style=\"margin-top:var(--wp--preset--spacing--superbspacing-medium);margin-bottom:var(--wp--preset--spacing--superbspacing-medium)\">\n<div class=\"wp-block-column is-layout-flow wp-block-column-is-layout-flow\">\n<p class=\"has-text-align-center\"><strong>Leder: <\/strong>Anders Ulstein<\/p>\n<\/div>\n\n\n\n<div class=\"wp-block-column is-layout-flow wp-block-column-is-layout-flow\">\n<p class=\"has-text-align-center\"><strong>Sekret\u00e6r: <\/strong>P\u00e5l Risan<\/p>\n<\/div>\n<\/div>\n\n\n\n<div class=\"wp-block-buttons is-content-justification-center is-layout-flex wp-container-core-buttons-is-layout-16018d1d wp-block-buttons-is-layout-flex\">\n<div class=\"wp-block-button is-style-outline is-style-outline--1\"><a class=\"wp-block-button__link has-white-color has-black-background-color has-text-color has-background has-link-color wp-element-button\" href=\"mailto:forkurssekretariatet@ie.ntnu.no\" style=\"border-style:none;border-width:0px;border-radius:10px\" target=\"_blank\" rel=\"noreferrer noopener\">Ta kontakt med sekretariatet<\/a><\/div>\n<\/div>\n","protected":false},"excerpt":{"rendered":"<p>Hvordan kvalifisere deg for ingeni\u00f8rutdanningen? Det finnes flere alternative opptaksveier for den som vil inn p\u00e5 ingeni\u00f8rutdanningen. To av dem er forkurset og realfagskurset. Disse [&#8230;]<\/p>\n","protected":false},"author":5,"featured_media":0,"parent":0,"menu_order":0,"comment_status":"closed","ping_status":"closed","template":"","meta":{"footnotes":""},"class_list":["post-2","page","type-page","status-publish","hentry"],"_links":{"self":[{"href":"https:\/\/www.forkurset.no\/index.php?rest_route=\/wp\/v2\/pages\/2","targetHints":{"allow":["GET"]}}],"collection":[{"href":"https:\/\/www.forkurset.no\/index.php?rest_route=\/wp\/v2\/pages"}],"about":[{"href":"https:\/\/www.forkurset.no\/index.php?rest_route=\/wp\/v2\/types\/page"}],"author":[{"embeddable":true,"href":"https:\/\/www.forkurset.no\/index.php?rest_route=\/wp\/v2\/users\/5"}],"replies":[{"embeddable":true,"href":"https:\/\/www.forkurset.no\/index.php?rest_route=%2Fwp%2Fv2%2Fcomments&post=2"}],"version-history":[{"count":0,"href":"https:\/\/www.forkurset.no\/index.php?rest_route=\/wp\/v2\/pages\/2\/revisions"}],"wp:attachment":[{"href":"https:\/\/www.forkurset.no\/index.php?rest_route=%2Fwp%2Fv2%2Fmedia&parent=2"}],"curies":[{"name":"wp","href":"https:\/\/api.w.org\/{rel}","templated":true}]}}