{"id":192,"date":"2015-11-30T09:54:35","date_gmt":"2015-11-30T08:54:35","guid":{"rendered":"http:\/\/www.forkurset.no\/?page_id=192"},"modified":"2024-01-04T23:34:57","modified_gmt":"2024-01-04T22:34:57","slug":"administrasjon","status":"publish","type":"page","link":"https:\/\/www.forkurset.no\/?page_id=192","title":{"rendered":"Administrativt"},"content":{"rendered":"\n<div class=\"wp-block-columns is-layout-flex wp-container-core-columns-is-layout-9d6595d7 wp-block-columns-is-layout-flex\">\n<div class=\"wp-block-column is-layout-flow wp-block-column-is-layout-flow\" style=\"flex-basis:75%\">\n<p>De administrative oppgavene knyttet til forkurset har i stor grad med gjennomf\u00f8ring av eksamen \u00e5 gj\u00f8re, samt forvaltning av de \u00f8vrige retningslinjene for forkurset.<\/p>\n\n\n\n<div class=\"wp-block-columns is-layout-flex wp-container-core-columns-is-layout-9d6595d7 wp-block-columns-is-layout-flex\">\n<div class=\"wp-block-column is-layout-flow wp-block-column-is-layout-flow\" style=\"flex-basis:50%\">\n<div class=\"wp-block-group\"><div class=\"wp-block-group__inner-container is-layout-constrained wp-block-group-is-layout-constrained\">\n<p><strong>Eksamensdatoer v\u00e5ren 2024<\/strong><\/p>\n\n\n\n<p>Onsdag 15. mai \u2013 Fysikk&nbsp;<br>Tirsdag&nbsp; 21. mai \u2013 Teknologi og samfunn<br>Torsdag 23. mai \u2013 Engelsk<br>Tirsdag 28. mai \u2013 Norsk<br>Fredag 31. mai \u2013 Matematikk<\/p>\n<\/div><\/div>\n<\/div>\n\n\n\n<div class=\"wp-block-column is-layout-flow wp-block-column-is-layout-flow\" style=\"flex-basis:50%\">\n<div class=\"wp-block-group\"><div class=\"wp-block-group__inner-container is-layout-constrained wp-block-group-is-layout-constrained\">\n<p><strong>Eksamensdatoer \u2013 utsatt eksamen \u2013 august 2024<\/strong><\/p>\n\n\n\n<p>Mandag 5. august \u2013 Matematikk<br>Tirsdag 6. august \u2013 Norsk<br>Onsdag 7. august \u2013 Fysikk<br>Torsdag 8. august \u2013 Teknologi og samfunn<br>Fredag&nbsp; 9. august \u2013 Engelsk<\/p>\n<\/div><\/div>\n<\/div>\n<\/div>\n\n\n\n<hr>\n<p>&nbsp;<\/p>\n\n\n\n<h3 class=\"wp-block-heading\">Sensur <\/h3>\n\n\n\n<p>Hver institusjon plukker ut 5% av besvarelsene i hvert emne med ekstern sensur, dog minimum 10 besvarelser i hvert emne. Forkurssekretariatet oppnevner eksterne sensorer og formidler kontakt mellom disse og institusjonene. Utgifter til sensur dekkes av hver enkelt institusjon. Utgifter til fellessensur dekkes av fellessekretariatet.<\/p>\n\n\n\n<hr>\n<p>&nbsp;<\/p>\n\n\n\n<h3 class=\"wp-block-heading\">Eksamen etter gammel forskrift<\/h3>\n\n\n\n<p>Vi har f\u00e5tt en del henvendelser ang\u00e5ende studenter som gikk opp til eksamen i 2015 og tidligere, og skal ta opp et manglende emne. Forkurssekretariatet har som oppgave \u00e5 lage felleseksamen etter ny forskrift, og lager ikke oppgaver for studenter som mangler emner fra tidligere \u00e5r. Slike eksamensoppgaver m\u00e5 derfor hver enkelt institusjon produsere p\u00e5 egen h\u00e5nd.<\/p>\n\n\n\n<p><\/p>\n\n\n\n<p><\/p>\n<\/div>\n\n\n\n<div class=\"wp-block-column secondary-menu is-layout-flow wp-block-column-is-layout-flow\" style=\"border-width:1px;flex-basis:25%\">\n<div class=\"menu-administrasjon-container\"><ul id=\"menu-administrasjon\" class=\"menu\"><li id=\"menu-item-1493\" class=\"menu-item menu-item-type-post_type menu-item-object-page menu-item-1493\"><a href=\"https:\/\/www.forkurset.no\/?page_id=1491\">Referat<\/a><\/li>\n<\/ul><\/div>\n<\/div>\n<\/div>\n","protected":false},"excerpt":{"rendered":"<p>De administrative oppgavene knyttet til forkurset har i stor grad med gjennomf\u00f8ring av eksamen \u00e5 gj\u00f8re, samt forvaltning av de \u00f8vrige retningslinjene for forkurset. Eksamensdatoer [&#8230;]<\/p>\n","protected":false},"author":4,"featured_media":0,"parent":0,"menu_order":0,"comment_status":"closed","ping_status":"closed","template":"template-fullwidth.php","meta":{"footnotes":""},"class_list":["post-192","page","type-page","status-publish","hentry"],"_links":{"self":[{"href":"https:\/\/www.forkurset.no\/index.php?rest_route=\/wp\/v2\/pages\/192","targetHints":{"allow":["GET"]}}],"collection":[{"href":"https:\/\/www.forkurset.no\/index.php?rest_route=\/wp\/v2\/pages"}],"about":[{"href":"https:\/\/www.forkurset.no\/index.php?rest_route=\/wp\/v2\/types\/page"}],"author":[{"embeddable":true,"href":"https:\/\/www.forkurset.no\/index.php?rest_route=\/wp\/v2\/users\/4"}],"replies":[{"embeddable":true,"href":"https:\/\/www.forkurset.no\/index.php?rest_route=%2Fwp%2Fv2%2Fcomments&post=192"}],"version-history":[{"count":0,"href":"https:\/\/www.forkurset.no\/index.php?rest_route=\/wp\/v2\/pages\/192\/revisions"}],"wp:attachment":[{"href":"https:\/\/www.forkurset.no\/index.php?rest_route=%2Fwp%2Fv2%2Fmedia&parent=192"}],"curies":[{"name":"wp","href":"https:\/\/api.w.org\/{rel}","templated":true}]}}