{"id":188,"date":"2015-11-30T09:54:00","date_gmt":"2015-11-30T08:54:00","guid":{"rendered":"http:\/\/www.forkurset.no\/?page_id=188"},"modified":"2024-01-05T19:31:24","modified_gmt":"2024-01-05T18:31:24","slug":"kommunikasjon-og-norsk","status":"publish","type":"page","link":"https:\/\/www.forkurset.no\/?page_id=188","title":{"rendered":"Norsk"},"content":{"rendered":"\n<div class=\"wp-block-columns is-layout-flex wp-container-core-columns-is-layout-9d6595d7 wp-block-columns-is-layout-flex\">\n<div class=\"wp-block-column is-layout-flow wp-block-column-is-layout-flow\" style=\"flex-basis:50%\">\n<p><br><\/p>\n\n\n\n<table style=\"border-collapse: collapse; width: 200.041%; height: 24px;\" border=\"1\">\n<tbody>\n<tr>\n<td style=\"width: 72.5849%;\">\n<p>Emnet har vekt p\u00e5 klar, m\u00e5lrettet og brukervennlig skriftlig kommunikasjon. Det er et redskapspreget kommunikasjonsfag og skal v\u00e6re b\u00e5de ingeni\u00f8rfaglig relevant og akademisk forberedende.<\/p>\n<p>Studentene skal l\u00e6re \u00e5 kommunisere skriftlig og muntlig p\u00e5 norsk. Emnet vektlegger skriving av studentoppgaver, dvs. resonnerende, dr\u00f8ftende og reflekterende oppgaver av faglig og akademisk art.<\/p>\n<p>Norsk har et omfang p\u00e5 20% av forkurset totalt.<\/p>\n<\/td>\n<td style=\"width: 44.5796%;\"><div class=\"menu-norsk-container\"><ul id=\"menu-norsk\" class=\"menu\"><li id=\"menu-item-1451\" class=\"menu-item menu-item-type-post_type menu-item-object-page menu-item-1451\"><a href=\"https:\/\/www.forkurset.no\/?page_id=1443\">L\u00e6ringsutbytte<\/a><\/li>\n<li id=\"menu-item-1450\" class=\"menu-item menu-item-type-post_type menu-item-object-page menu-item-1450\"><a href=\"https:\/\/www.forkurset.no\/?page_id=1446\">Referat<\/a><\/li>\n<\/ul><\/div><\/td>\n<\/tr>\n<\/tbody>\n<\/table>\n<\/div>\n<\/div>\n","protected":false},"excerpt":{"rendered":"<p>Emnet har vekt p\u00e5 klar, m\u00e5lrettet og brukervennlig skriftlig kommunikasjon. Det er et redskapspreget kommunikasjonsfag og skal v\u00e6re b\u00e5de ingeni\u00f8rfaglig relevant og akademisk forberedende. Studentene [&#8230;]<\/p>\n","protected":false},"author":4,"featured_media":0,"parent":1593,"menu_order":0,"comment_status":"closed","ping_status":"closed","template":"template-fullwidth.php","meta":{"footnotes":""},"class_list":["post-188","page","type-page","status-publish","hentry"],"_links":{"self":[{"href":"https:\/\/www.forkurset.no\/index.php?rest_route=\/wp\/v2\/pages\/188","targetHints":{"allow":["GET"]}}],"collection":[{"href":"https:\/\/www.forkurset.no\/index.php?rest_route=\/wp\/v2\/pages"}],"about":[{"href":"https:\/\/www.forkurset.no\/index.php?rest_route=\/wp\/v2\/types\/page"}],"author":[{"embeddable":true,"href":"https:\/\/www.forkurset.no\/index.php?rest_route=\/wp\/v2\/users\/4"}],"replies":[{"embeddable":true,"href":"https:\/\/www.forkurset.no\/index.php?rest_route=%2Fwp%2Fv2%2Fcomments&post=188"}],"version-history":[{"count":0,"href":"https:\/\/www.forkurset.no\/index.php?rest_route=\/wp\/v2\/pages\/188\/revisions"}],"up":[{"embeddable":true,"href":"https:\/\/www.forkurset.no\/index.php?rest_route=\/wp\/v2\/pages\/1593"}],"wp:attachment":[{"href":"https:\/\/www.forkurset.no\/index.php?rest_route=%2Fwp%2Fv2%2Fmedia&parent=188"}],"curies":[{"name":"wp","href":"https:\/\/api.w.org\/{rel}","templated":true}]}}