{"id":186,"date":"2015-11-30T09:53:33","date_gmt":"2015-11-30T08:53:33","guid":{"rendered":"http:\/\/www.forkurset.no\/?page_id=186"},"modified":"2024-01-05T19:30:19","modified_gmt":"2024-01-05T18:30:19","slug":"fysikk","status":"publish","type":"page","link":"https:\/\/www.forkurset.no\/?page_id=186","title":{"rendered":"Fysikk"},"content":{"rendered":"\n<table style=\"border-collapse: collapse; width: 100%; height: 314px;\" border=\"1\">\n<tbody>\n<tr style=\"height: 314px;\">\n<td style=\"width: 67.569%; height: 314px;\">\n<p>I fysikk er samspillet med matematikk viktig. Dette skjer gjennom \u00e5 regne p\u00e5 fysiske problemstillinger. Et annet form\u00e5l med emnet er \u00e5 gi n\u00f8dvendig oppl\u00e6ring i HMS (helse milj\u00f8 og sikkerhet) slik at all oppl\u00e6ring ved forkurset og realfagskurset skjer p\u00e5 en sikker og trygg m\u00e5te. N\u00e5r det gjelder rapportskriving, b\u00f8r det dessuten v\u00e6re et godt samspill med norskfaget.<\/p>\n<p>Fysikk utgj\u00f8r 22,5 % av forkursets totale omfang.<\/p>\n<hr \/>\n<h4>Reviderte eksempeloppgaver i kjemi (2016)<\/h4>\n<p>Etter flere innspill fra fysikkl\u00e6rere har eksamenskommisjonen n\u00e5 laget noen nye oppgaver:<\/p>\n<p>1)\u00a0<a href=\"http:\/\/www.forkurset.no\/wp-content\/uploads\/2015\/11\/Kjemioppgaver-revidert-21.1.16.pdf\"><span style=\"color: #0066cc;\">Oppgavesett 1<\/span><\/a>\u00a0 med <a href=\"http:\/\/www.forkurset.no\/wp-content\/uploads\/2015\/11\/L\u00f8sningsforslag-reviderte-kjemioppgaver-22.1.16.pdf\"><span style=\"color: #0066cc;\">l\u00f8sningsforslag 1<\/span><\/a>\u00a0\u00a0\u00a0\u00a0 2) <a href=\"http:\/\/www.forkurset.no\/wp-content\/uploads\/2015\/02\/Flere-eksempeloppgaver-i-kjemi-med-l\u00f8sningsforslag-5.2.16.pdf\"><span style=\"color: #0066cc;\">Oppgavesett 2 med l\u00f8sningsforslag<\/span><\/a><\/p>\n<\/td>\n<td style=\"width: 32.431%; text-align: left; height: 314px;\"><div class=\"menu-fysikk-container\"><ul id=\"menu-fysikk\" class=\"menu\"><li id=\"menu-item-1407\" class=\"menu-item menu-item-type-post_type menu-item-object-page menu-item-1407\"><a href=\"https:\/\/www.forkurset.no\/?page_id=1397\">L\u00e6ringsutbytte<\/a><\/li>\n<li id=\"menu-item-1416\" class=\"menu-item menu-item-type-post_type menu-item-object-page menu-item-1416\"><a href=\"https:\/\/www.forkurset.no\/?page_id=1412\">Referater<\/a><\/li>\n<\/ul><\/div><\/td>\n<\/tr>\n<\/tbody>\n<\/table>\n<p>\u00a0<\/p>\n","protected":false},"excerpt":{"rendered":"<p>I fysikk er samspillet med matematikk viktig. Dette skjer gjennom \u00e5 regne p\u00e5 fysiske problemstillinger. Et annet form\u00e5l med emnet er \u00e5 gi n\u00f8dvendig oppl\u00e6ring [&#8230;]<\/p>\n","protected":false},"author":4,"featured_media":0,"parent":1593,"menu_order":0,"comment_status":"closed","ping_status":"closed","template":"template-fullwidth.php","meta":{"footnotes":""},"class_list":["post-186","page","type-page","status-publish","hentry"],"_links":{"self":[{"href":"https:\/\/www.forkurset.no\/index.php?rest_route=\/wp\/v2\/pages\/186","targetHints":{"allow":["GET"]}}],"collection":[{"href":"https:\/\/www.forkurset.no\/index.php?rest_route=\/wp\/v2\/pages"}],"about":[{"href":"https:\/\/www.forkurset.no\/index.php?rest_route=\/wp\/v2\/types\/page"}],"author":[{"embeddable":true,"href":"https:\/\/www.forkurset.no\/index.php?rest_route=\/wp\/v2\/users\/4"}],"replies":[{"embeddable":true,"href":"https:\/\/www.forkurset.no\/index.php?rest_route=%2Fwp%2Fv2%2Fcomments&post=186"}],"version-history":[{"count":0,"href":"https:\/\/www.forkurset.no\/index.php?rest_route=\/wp\/v2\/pages\/186\/revisions"}],"up":[{"embeddable":true,"href":"https:\/\/www.forkurset.no\/index.php?rest_route=\/wp\/v2\/pages\/1593"}],"wp:attachment":[{"href":"https:\/\/www.forkurset.no\/index.php?rest_route=%2Fwp%2Fv2%2Fmedia&parent=186"}],"curies":[{"name":"wp","href":"https:\/\/api.w.org\/{rel}","templated":true}]}}