{"id":183,"date":"2015-11-30T09:51:06","date_gmt":"2015-11-30T08:51:06","guid":{"rendered":"http:\/\/www.forkurset.no\/?page_id=183"},"modified":"2024-01-05T19:31:16","modified_gmt":"2024-01-05T18:31:16","slug":"matematikk","status":"publish","type":"page","link":"https:\/\/www.forkurset.no\/?page_id=183","title":{"rendered":"Matematikk"},"content":{"rendered":"\n<table style=\"border-collapse: collapse; width: 100%;\" border=\"1\">\n<tbody>\n<tr>\n<td style=\"width: 71.4365%;\">\n<p>I matematikk inng\u00e5r regnetrening i stort omfang og det legges vekt p\u00e5 \u00e5 vise relevans og bruk av matematikk i andre emner. \u00c5 regne p\u00e5 problemer fra andre emner, for eksempel mekaniske problemstillinger, er velegnet til b\u00e5de \u00e5 se relevans og opp\u00f8ve regneferdigheter. Samspillet med de andre emnene og oppsettet av semestrene er slik at de n\u00f8dvendige kvalifikasjoner i matematikk er til stede n\u00e5r de trengs i de andre emnene. Emnet innbefatter ogs\u00e5 grunnleggende programmering. Matematikk p\u00e5 forkurset tilsvarer R1 og R2, men med noen tilpasninger til ingeni\u00f8rutdanningen.\u00a0<\/p>\n<p>Matematikk utgj\u00f8r 37,5% av forkursets omfang.\u00a0<\/p>\n<\/td>\n<td style=\"width: 28.5635%;\"><div class=\"menu-matematikk-container\"><ul id=\"menu-matematikk\" class=\"menu\"><li id=\"menu-item-1439\" class=\"menu-item menu-item-type-post_type menu-item-object-page menu-item-1439\"><a href=\"https:\/\/www.forkurset.no\/?page_id=1432\">L\u00e6ringsutbytte<\/a><\/li>\n<li id=\"menu-item-1438\" class=\"menu-item menu-item-type-post_type menu-item-object-page menu-item-1438\"><a href=\"https:\/\/www.forkurset.no\/?page_id=1434\">Referater<\/a><\/li>\n<\/ul><\/div><\/td>\n<\/tr>\n<\/tbody>\n<\/table>\n","protected":false},"excerpt":{"rendered":"<p>I matematikk inng\u00e5r regnetrening i stort omfang og det legges vekt p\u00e5 \u00e5 vise relevans og bruk av matematikk i andre emner. \u00c5 regne p\u00e5 [&#8230;]<\/p>\n","protected":false},"author":4,"featured_media":0,"parent":1593,"menu_order":0,"comment_status":"closed","ping_status":"closed","template":"template-fullwidth.php","meta":{"footnotes":""},"class_list":["post-183","page","type-page","status-publish","hentry"],"_links":{"self":[{"href":"https:\/\/www.forkurset.no\/index.php?rest_route=\/wp\/v2\/pages\/183","targetHints":{"allow":["GET"]}}],"collection":[{"href":"https:\/\/www.forkurset.no\/index.php?rest_route=\/wp\/v2\/pages"}],"about":[{"href":"https:\/\/www.forkurset.no\/index.php?rest_route=\/wp\/v2\/types\/page"}],"author":[{"embeddable":true,"href":"https:\/\/www.forkurset.no\/index.php?rest_route=\/wp\/v2\/users\/4"}],"replies":[{"embeddable":true,"href":"https:\/\/www.forkurset.no\/index.php?rest_route=%2Fwp%2Fv2%2Fcomments&post=183"}],"version-history":[{"count":0,"href":"https:\/\/www.forkurset.no\/index.php?rest_route=\/wp\/v2\/pages\/183\/revisions"}],"up":[{"embeddable":true,"href":"https:\/\/www.forkurset.no\/index.php?rest_route=\/wp\/v2\/pages\/1593"}],"wp:attachment":[{"href":"https:\/\/www.forkurset.no\/index.php?rest_route=%2Fwp%2Fv2%2Fmedia&parent=183"}],"curies":[{"name":"wp","href":"https:\/\/api.w.org\/{rel}","templated":true}]}}