{"id":1412,"date":"2024-01-03T19:31:12","date_gmt":"2024-01-03T18:31:12","guid":{"rendered":"https:\/\/www.forkurset.no\/?page_id=1412"},"modified":"2024-02-05T15:12:19","modified_gmt":"2024-02-05T14:12:19","slug":"referater-fra-faggruppe-fysikk","status":"publish","type":"page","link":"https:\/\/www.forkurset.no\/?page_id=1412","title":{"rendered":"Referater fra faggruppe fysikk"},"content":{"rendered":"\n<ul>\n<li><a href=\"https:\/\/www.forkurset.no\/wp-content\/uploads\/2024\/01\/Referat-Forkurssamling-Fysikk-2023.pdf\">2023 Grimstad<\/a><\/li>\n<li><a href=\"https:\/\/www.forkurset.no\/wp-content\/uploads\/2022\/11\/Fysikk.pdf\">2022 Trondheim<\/a><\/li>\n<li><a href=\"https:\/\/www.forkurset.no\/wp-content\/uploads\/2021\/10\/Referat-Fysikk-Kyrre-Skjerdal-14.9.21.pdf\">2021 Digitalt m\u00f8te<\/a><\/li>\n<li><a href=\"https:\/\/www.forkurset.no\/wp-content\/uploads\/2020\/11\/c-Referat-fra-fysikk-matematikkgruppa-Magne-Haugen-10.11.20.pdf\">2020 Digitalt m\u00f8te<\/a><\/li>\n<li>2019<\/li>\n<li>2018<\/li>\n<li><a href=\"https:\/\/www.forkurset.no\/wp-content\/uploads\/2017\/09\/Fysikkmatematikk.pdf\">2017 Narvik<\/a><\/li>\n<li>2016<\/li>\n<li><a href=\"https:\/\/www.forkurset.no\/wp-content\/uploads\/2015\/09\/150921-Referat-Gruppediskusjon-Fysikk.pdf\">2015 september Trondheim<\/a><\/li>\n<li><a href=\"https:\/\/www.forkurset.no\/wp-content\/uploads\/2015\/02\/Fagm\u00f8teForskurs_realfagsgruppen.pdf\">2015 februar V\u00e6rnes<\/a><\/li>\n<\/ul>\n","protected":false},"excerpt":{"rendered":"<p>2023 Grimstad 2022 Trondheim 2021 Digitalt m\u00f8te 2020 Digitalt m\u00f8te 2019 2018 2017 Narvik 2016 2015 september Trondheim 2015 februar V\u00e6rnes<\/p>\n","protected":false},"author":4,"featured_media":0,"parent":0,"menu_order":0,"comment_status":"closed","ping_status":"closed","template":"","meta":{"footnotes":""},"class_list":["post-1412","page","type-page","status-publish","hentry"],"_links":{"self":[{"href":"https:\/\/www.forkurset.no\/index.php?rest_route=\/wp\/v2\/pages\/1412","targetHints":{"allow":["GET"]}}],"collection":[{"href":"https:\/\/www.forkurset.no\/index.php?rest_route=\/wp\/v2\/pages"}],"about":[{"href":"https:\/\/www.forkurset.no\/index.php?rest_route=\/wp\/v2\/types\/page"}],"author":[{"embeddable":true,"href":"https:\/\/www.forkurset.no\/index.php?rest_route=\/wp\/v2\/users\/4"}],"replies":[{"embeddable":true,"href":"https:\/\/www.forkurset.no\/index.php?rest_route=%2Fwp%2Fv2%2Fcomments&post=1412"}],"version-history":[{"count":0,"href":"https:\/\/www.forkurset.no\/index.php?rest_route=\/wp\/v2\/pages\/1412\/revisions"}],"wp:attachment":[{"href":"https:\/\/www.forkurset.no\/index.php?rest_route=%2Fwp%2Fv2%2Fmedia&parent=1412"}],"curies":[{"name":"wp","href":"https:\/\/api.w.org\/{rel}","templated":true}]}}