{"id":13,"date":"2015-02-11T12:42:57","date_gmt":"2015-02-11T12:42:57","guid":{"rendered":"http:\/\/www.forkurset.no\/?page_id=13"},"modified":"2026-03-09T12:59:09","modified_gmt":"2026-03-09T11:59:09","slug":"studiesteder-og-kontakt","status":"publish","type":"page","link":"https:\/\/www.forkurset.no\/?page_id=13","title":{"rendered":"Kontakt fellessekretariatet og studiestedene"},"content":{"rendered":"\n<h4 class=\"wp-block-heading\">Fellessekretariatet<\/h4>\n\n\n\n<p>Sekretariatet er administrert av Fakultet for informasjonsteknologi og elektroteknikk ved NTNU i perioden 01.01.2015 \u2013 31.12.2026.<\/p>\n\n\n\n<figure class=\"wp-block-table is-style-regular\"><table style=\"border-style:none;border-width:0px\"><tbody><tr><td><strong>Leder:&nbsp;<\/strong>Anders Ulstein<br><strong>Sekret\u00e6r:&nbsp;<\/strong>P\u00e5l Risan<\/td><td><a href=\"Mailto:forkurssekretariatet@ie.ntnu.no\">Send epost til fellessekretariatet<\/a><\/td><\/tr><\/tbody><\/table><\/figure>\n\n\n\n<h4 class=\"wp-block-heading\">F\u00f8lgende utdanningsinstitusjoner* tilbyr alternative opptaksveier og tilpassede ingeni\u00f8rutdanninger.<\/h4>\n\n\n\n<p>Ta kontakt direkte med det studiestedet du tenker \u00e5 s\u00f8ke deg til dersom du har sp\u00f8rsm\u00e5l. Du finner ogs\u00e5 utfyllende informasjon om studiet p\u00e5 institusjonens nettside, se venstre kolonne.&nbsp; &nbsp; &nbsp; &nbsp; &nbsp; &nbsp; &nbsp; &nbsp; &nbsp; &nbsp; &nbsp; &nbsp; &nbsp; &nbsp; &nbsp; &nbsp; &nbsp; &nbsp; &nbsp; &nbsp; &nbsp; &nbsp; &nbsp; &nbsp; &nbsp; &nbsp; &nbsp; &nbsp; &nbsp; &nbsp; &nbsp; &nbsp; &nbsp; &nbsp; &nbsp; &nbsp; &nbsp; &nbsp; <em>&nbsp;* Oppdatert februar 2026<\/em><\/p>\n\n\n\n<div align=\"left\">\n<p>\u00a0<\/p>\n<table style=\"height: 1194px; width: 100.277%;\" border=\"0\">\n<tbody>\n<tr style=\"height: 32px;\">\n<td style=\"width: 25%; height: 28px;\"><strong>Institusjon<\/strong><\/td>\n<td style=\"width: 19.9341%; height: 28px;\"><strong>Tilbud<\/strong><\/td>\n<td style=\"width: 53.9646%; height: 28px;\"><strong>\u00a0Kontaktperson<\/strong><\/td>\n<\/tr>\n<tr style=\"height: 88px;\">\n<td style=\"width: 25%; height: 67px;\"><a href=\"https:\/\/www.oslomet.no\/studier\/tkd\/forkurs-ingenior\" target=\"_blank\" rel=\"noopener noreferrer\">OsloMet\u00a0<\/a><\/td>\n<td style=\"width: 19.9341%; height: 67px;\"><a href=\"https:\/\/www.oslomet.no\/studier\/tkd\/forkurs-ingenior\">Forkurs<\/a><br \/><a href=\"https:\/\/www.oslomet.no\/studier\/tkd\/tre-termin-ingenior\">TRES<\/a><\/td>\n<td style=\"width: 53.9646%; height: 67px;\"><a href=\"mailto:leivoy@oslomet.no\">Leiv \u00d8yehaug<\/a> (faglig)<br \/><a href=\"mailto:johanna.gjelsvik@oslomet.no\">Johanna Gjelsvik<\/a> (administrativ-studieveileder)<\/td>\n<\/tr>\n<tr style=\"height: 136px;\">\n<td style=\"width: 25%; height: 108px;\"><a href=\"https:\/\/www.usn.no\/om-hsn\/campus\/kongsberg\/\" target=\"_blank\" rel=\"noopener noreferrer\">Universitetet i S\u00f8r\u00f8st-Norge<\/a><br \/>Campus Kongsberg<br \/>Campus Porsgrunn<br \/>Campus Vestfold<\/td>\n<td style=\"width: 19.9341%; height: 108px;\"><a href=\"https:\/\/www.usn.no\/studier\/forkurs-ingenior\/\">Forkurs<\/a><br \/><a href=\"https:\/\/www.usn.no\/studier\/realfagskurs\/\">Realfagskurs<\/a><br \/><a href=\"https:\/\/www.usn.no\/tresemesterordningen-tres\/\">TRES<\/a><br \/><a href=\"https:\/\/www.usn.no\/studier\/y-veien\/\">Y-vei<\/a><\/td>\n<td style=\"width: 53.9646%; height: 108px;\"><a href=\"mailto:Otto.Waaraas@usn.no\">Otto Waaraas<\/a> (faglig)<br \/><a href=\"mailto:tnm.porsgrunn@usn.no\">Elisabeth Fleseland<\/a> (administrativ)<\/td>\n<\/tr>\n<tr style=\"height: 116px;\">\n<td style=\"width: 25%; height: 112px;\"><a href=\"https:\/\/www.hvl.no\/studier\/studieprogram\/ingenior-og-maritime-fag\/\" target=\"_blank\" rel=\"noopener noreferrer\">H\u00f8gskulen p\u00e5 Vestlandet<\/a><br \/>Campus Bergen<\/td>\n<td style=\"width: 19.9341%; height: 112px;\">\n<p><a href=\"https:\/\/www.hvl.no\/studier\/studieprogram\/forkurs-bergen\/\">Forkurs<\/a><br \/><a href=\"https:\/\/www.hvl.no\/studier\/studieprogram\/realfagskurs-bergen-haugesund-deltid\/\">Realfagskurs<\/a> hel\u00e5rlig<br \/><a href=\"https:\/\/www.hvl.no\/studier\/studieprogram\/realfagskurs-bergen\/\">Realfagskurs<\/a>, halv\u00e5rig<br \/><a href=\"https:\/\/www.hvl.no\/studier\/studieprogram\/forkurs\/tresemesterordningen-bergen-forde-haugesund\/\">TRES<\/a><br \/><a href=\"https:\/\/www.hvl.no\/studier\/y-vei\/\">Y-veg<\/a><\/p>\n<\/td>\n<td style=\"width: 53.9646%; height: 112px;\">\n<p><a href=\"mailto: kristine.selvikvag.lundervold@hvl.no\">Kristine Selvikv\u00e5g Lundervold<\/a> (faglig)<br \/><a href=\"mailto:Erik.Andreas.Hanson@hvl.no\">Eirik Andreas Hanson<\/a> (faglig)<br \/><a title=\"mailto:FTMS-studie@hvl.no\" href=\"mailto:FTMS-studie@hvl.no\" data-linkindex=\"1\" data-olk-copy-source=\"MessageBody\">FTMS-studie@hvl.no\u00a0<\/a> (studieveileder)<\/p>\n<\/td>\n<\/tr>\n<tr style=\"height: 88px;\">\n<td style=\"width: 25%; height: 132px;\" height=\"22\"><a href=\"https:\/\/www.hvl.no\/studier\/studieprogram\/ingenior-og-maritime-fag\/\" target=\"_blank\" rel=\"noopener noreferrer\">H\u00f8gskulen p\u00e5 Vestlandet<\/a><br \/>Campus F\u00f8rde<\/td>\n<td style=\"width: 19.9341%; height: 132px;\" align=\"left\" height=\"22\">\n<p><a href=\"https:\/\/www.hvl.no\/studier\/studieprogram\/realfagskurs-nett-og-samlingsbasert-deltid\/\">Realfagskurs<\/a> nett- og samlingsbasert<br \/><a href=\"https:\/\/www.hvl.no\/studier\/studieprogram\/forkurs\/tresemesterordningen-bergen-forde-haugesund\/\">TRES<\/a><br \/><a href=\"https:\/\/www.hvl.no\/studier\/y-vei\/\">Y-veg<\/a><\/p>\n<\/td>\n<td style=\"width: 53.9646%; height: 132px;\">\n<p><a href=\"mailto:Per.Christian.Engdal@hvl.no\">\u00a0Per Christian Engdal <\/a>(faglig)<br \/><a title=\"mailto:FTMS-studie@hvl.no\" href=\"mailto:FTMS-studie@hvl.no\" data-linkindex=\"1\" data-olk-copy-source=\"MessageBody\">FTMS-studie@hvl.no<\/a> (studieveileder)<\/p>\n<\/td>\n<\/tr>\n<tr style=\"height: 116px;\">\n<td style=\"width: 25%; height: 69px;\"><a href=\"https:\/\/www.hvl.no\/studier\/studieprogram\/ingenior-og-maritime-fag\/\" target=\"_blank\" rel=\"noopener noreferrer\">H\u00f8gskulen p\u00e5 Vestlandet<\/a><br \/>Campus Haugesund<\/td>\n<td style=\"width: 19.9341%; height: 69px;\">\n<p><a href=\"https:\/\/www.hvl.no\/studier\/studieprogram\/realfagskurs-bergen-haugesund-deltid\/\">Realfagskurs<\/a>, hel\u00e5rig<br \/><a href=\"https:\/\/www.hvl.no\/studier\/studieprogram\/forkurs\/tresemesterordningen-bergen-forde-haugesund\/\">TRES<\/a><br \/><a href=\"https:\/\/www.hvl.no\/studier\/y-vei\/\">Y-veg<\/a><\/p>\n<\/td>\n<td style=\"width: 53.9646%; height: 69px;\">\n<p><a href=\"mailto: Harald.Spangberg@hvl.no\">\u00a0Harald Sp\u00e5ngberg<\/a> (faglig)<br \/><a title=\"mailto:FTMS-studie@hvl.no\" href=\"mailto:FTMS-studie@hvl.no\" data-linkindex=\"1\" data-olk-copy-source=\"MessageBody\">FTMS-studie@hvl.no<\/a> (studieveileder)<\/p>\n<\/td>\n<\/tr>\n<tr style=\"height: 88px;\">\n<td style=\"width: 25%; height: 84px;\"><a href=\"https:\/\/www.ntnu.no\/studier\/ftforkurs\" target=\"_blank\" rel=\"noopener noreferrer\">NTNU<\/a><br \/>Campus Trondheim<\/td>\n<td style=\"width: 19.9341%; height: 84px;\"><a href=\"https:\/\/www.ntnu.no\/studier\/ftforkurs\">Forkurs<\/a><br \/><a href=\"https:\/\/www.ntnu.no\/studier\/ftrealfag\">Realfagskurs<\/a>, halv\u00e5rig<\/td>\n<td style=\"width: 53.9646%; height: 84px;\">\n<p><a href=\"mailto:egil.krystad@ntnu.no\">Egil Gr\u00f8ndal Krystad<\/a> (faglig)<br \/><a href=\"mailto:pal.risan@ntnu.no\">P\u00e5l Risan<\/a> (administrativ)<\/p>\n<\/td>\n<\/tr>\n<tr style=\"height: 136px;\">\n<td style=\"width: 25%; height: 96px;\"><a href=\"https:\/\/www.ntnu.no\/studier\/252fk\">NTNU\u00a0<\/a><br \/>Campus \u00c5lesund<\/td>\n<td style=\"width: 19.9341%; height: 96px;\"><a href=\"https:\/\/www.ntnu.no\/studier\/252fk\">Forkurs<\/a><br \/><a href=\"https:\/\/www.ntnu.no\/studier\/tresemesterordningen\">TRES<\/a><br \/><a href=\"https:\/\/www.ntnu.no\/studier\/y-vei\">Y-vei<\/a><\/td>\n<td style=\"width: 53.9646%; height: 96px;\">\n<p><a href=\"mailto:elise.petersen@ntnu.no\">Elise Indreg\u00e5rd Petersen<\/a> (faglig)<br \/><a href=\"Mailto:tumo@ntnu.no\">Tuva Magritt Molv\u00e6r<\/a> (administrativ)<br \/><br \/><\/p>\n<\/td>\n<\/tr>\n<tr style=\"height: 32px;\">\n<td style=\"width: 25%; height: 41px;\"><a href=\"https:\/\/www.ntnu.no\/studier\/y-vei\">NTNU<\/a><br \/>Campus Gj\u00f8vik<\/td>\n<td style=\"width: 19.9341%; height: 41px;\"><a href=\"https:\/\/www.ntnu.no\/studier\/tresemesterordningen\">TRES<\/a><br \/><a href=\"https:\/\/www.ntnu.no\/studier\/y-vei\">Y-vei<\/a><\/td>\n<td style=\"width: 53.9646%; height: 41px;\"><!--StartFragment --><a href=\"mailto:stine.m.berge@ntnu.no\"><span class=\"cf0\">Stine Marie Berge <\/span><\/a><!--EndFragment -->(faglig)<br \/><a href=\"mailto:camilla.c.rogne@ntnu.no\">Camilla C Rogne<\/a> (administrativ)<\/td>\n<\/tr>\n<tr style=\"height: 176px;\">\n<td style=\"width: 25%; height: 97px;\">Universitetet i Agder <br \/>Campus Grimstad<\/td>\n<td style=\"width: 19.9341%; height: 97px;\"><a href=\"https:\/\/www.uia.no\/studier\/program\/forkurs-ingenior\/\">Forkurs<\/a><br \/><a href=\"https:\/\/www.uia.no\/studier\/program\/realfagskurs-for-ingeniorutdanning-arsstudium\/\">Realfagskurs<\/a>, hel\u00e5rig<br \/><a href=\"https:\/\/www.uia.no\/studier\/program\/tres-bachelor\/\">TRES<\/a><br \/><a href=\"https:\/\/www.uia.no\/studier\/program\/y-veien-bachelor\/\">Y-vei<\/a><\/td>\n<td style=\"width: 53.9646%; height: 97px;\"><a href=\"mailto:vuk.milanovic@uia.no\">Vuk Milanovic <\/a>(faglig og administrativ)<\/td>\n<\/tr>\n<tr style=\"height: 144px;\">\n<td style=\"width: 25%; height: 88px;\"><a href=\"https:\/\/www.uis.no\/studietilbud\/ingenioer-og-sivilingenioer\/forkurs-for-ingenioerer\/\" target=\"_blank\" rel=\"noopener noreferrer\">Universitetet i Stavanger<\/a><\/td>\n<td style=\"width: 19.9341%; height: 88px;\"><a href=\"https:\/\/www.uis.no\/nb\/studietilbud\/forkurs-og-realfagskurs\">Forkurs<\/a><br \/><a href=\"https:\/\/www.uis.no\/nb\/studier\/realfagskurs-helarig\">Realfagskurs<\/a>, hel\u00e5rig<br \/><a href=\"https:\/\/www.uis.no\/nb\/studier\/realfagskurs-halvarig\">Realfagskurs<\/a>, halv\u00e5rig<\/td>\n<td style=\"width: 53.9646%; height: 88px;\"><a href=\"mailto:guro.v.bleie@uis.no\">Guro Vintertun Bleie<\/a> (administrativ)<\/td>\n<\/tr>\n<tr style=\"height: 164px;\">\n<td style=\"width: 25%; height: 102px;\"><a href=\"https:\/\/uit.no\/utdanning\/program\/282879\/forkurs_for_ingenior-_og_sivilingeniorutdanning\" target=\"_blank\" rel=\"noopener noreferrer\">UiT Norges Arktiske Universitet<\/a><br \/>Campus: Alta, Narvik, Troms\u00f8, Bod\u00f8 og Kirkenes<\/td>\n<td style=\"width: 19.9341%; height: 102px;\"><a href=\"https:\/\/uit.no\/utdanning\/program\/282879\/forkurs_for_ingenior-_og_sivilingeniorutdanning\">Forkurs<\/a><br \/><a href=\"https:\/\/uit.no\/utdanning\/program\/457630\/forkurs_i_realfag_for_ingenior-_og_sivilingenioru\">Realfagskurs<\/a>, hel\u00e5rig<br \/>TRES<br \/>Y-vei<\/td>\n<td style=\"width: 53.9646%; height: 102px;\"><a href=\"mailto:athall@hin.no\">Arlene Hall<\/a> (administrativ: Narvik, Alta, Bod\u00f8)<br \/><a href=\"mailto:anders.s.nordli@uit.no\">Anders Nordli<\/a> (administrativ: Troms\u00f8)<\/td>\n<\/tr>\n<tr style=\"height: 60px;\">\n<td style=\"width: 25%; height: 56px;\"><a href=\"https:\/\/www.nki.no\/studievelger\/forkurs-bachelor-ingenior\" target=\"_blank\" rel=\"noopener noreferrer\">NKI \u00a0<\/a><br \/>Nettbasert<\/td>\n<td style=\"width: 19.9341%; height: 56px;\"><a href=\"https:\/\/www.nki.no\/kurs\/forkurs-ingenior\">Forkurs<\/a><br \/><a href=\"https:\/\/www.nki.no\/studievelger\/forkurs-ingenior-realfagskurs\">Realfagskurs<\/a><\/td>\n<td style=\"width: 53.9646%; height: 56px;\"><a href=\"mailto:hedda.dunker@nki.no\">Hedda Kvaal Dunker<\/a> (faglig)<br \/><a href=\"mailto:william.teesdale@nki.no\">William Teesdale<\/a> (administrativ)<\/td>\n<\/tr>\n<tr style=\"height: 116px;\">\n<td style=\"width: 25%; height: 60px;\">H\u00f8gskolen i \u00d8stfold<\/td>\n<td style=\"width: 19.9341%; height: 60px;\">\n<p><a href=\"https:\/\/www.hiof.no\/studier\/opptak\/y-veien-og-tress.html\">Y-vei<\/a><br \/><a href=\"https:\/\/www.hiof.no\/studier\/opptak\/y-veien-og-tress.html\">TRES<\/a><\/p>\n<\/td>\n<td style=\"width: 53.9646%; height: 60px;\"><a href=\"marius.birkeland@hiof.no\">Marius Birkeland<\/a> (faglig og administrativ)<\/td>\n<\/tr>\n<tr style=\"height: 84px;\">\n<td style=\"width: 25%; height: 54px;\">\n<p>Forsvarets H\u00f8gskole \u2013 Sj\u00f8krigsskolen<\/p>\n<\/td>\n<td style=\"width: 19.9341%; height: 54px;\">\n<p><a href=\"https:\/\/www.forsvaret.no\/utdanning\/utdanninger\/bachelor-i-ingeniorfag-elektro-og-automasjon\">Forkurs<\/a><\/p>\n<\/td>\n<td style=\"width: 53.9646%; height: 54px;\">\n<p><a href=\"mailto:lsundberg@mil.no\">Lars Kvale Sundberg<\/a> (faglig)<br \/><a href=\"mailto:kraen@mil.no\">Kristin R\u00e5en<\/a> (administrativ)<\/p>\n<\/td>\n<\/tr>\n<\/tbody>\n<\/table>\n<p>\u00a0<\/p>\n<\/div>\n","protected":false},"excerpt":{"rendered":"<p>Fellessekretariatet Sekretariatet er administrert av Fakultet for informasjonsteknologi og elektroteknikk ved NTNU i perioden 01.01.2015 \u2013 31.12.2026. Leder:&nbsp;Anders UlsteinSekret\u00e6r:&nbsp;P\u00e5l Risan Send epost til fellessekretariatet F\u00f8lgende [&#8230;]<\/p>\n","protected":false},"author":4,"featured_media":0,"parent":2,"menu_order":0,"comment_status":"closed","ping_status":"closed","template":"","meta":{"footnotes":""},"class_list":["post-13","page","type-page","status-publish","hentry"],"_links":{"self":[{"href":"https:\/\/www.forkurset.no\/index.php?rest_route=\/wp\/v2\/pages\/13","targetHints":{"allow":["GET"]}}],"collection":[{"href":"https:\/\/www.forkurset.no\/index.php?rest_route=\/wp\/v2\/pages"}],"about":[{"href":"https:\/\/www.forkurset.no\/index.php?rest_route=\/wp\/v2\/types\/page"}],"author":[{"embeddable":true,"href":"https:\/\/www.forkurset.no\/index.php?rest_route=\/wp\/v2\/users\/4"}],"replies":[{"embeddable":true,"href":"https:\/\/www.forkurset.no\/index.php?rest_route=%2Fwp%2Fv2%2Fcomments&post=13"}],"version-history":[{"count":2,"href":"https:\/\/www.forkurset.no\/index.php?rest_route=\/wp\/v2\/pages\/13\/revisions"}],"predecessor-version":[{"id":1930,"href":"https:\/\/www.forkurset.no\/index.php?rest_route=\/wp\/v2\/pages\/13\/revisions\/1930"}],"up":[{"embeddable":true,"href":"https:\/\/www.forkurset.no\/index.php?rest_route=\/wp\/v2\/pages\/2"}],"wp:attachment":[{"href":"https:\/\/www.forkurset.no\/index.php?rest_route=%2Fwp%2Fv2%2Fmedia&parent=13"}],"curies":[{"name":"wp","href":"https:\/\/api.w.org\/{rel}","templated":true}]}}