{"id":1103,"date":"2023-12-14T11:01:36","date_gmt":"2023-12-14T10:01:36","guid":{"rendered":"https:\/\/www.forkurset.no\/?page_id=1103"},"modified":"2024-01-12T12:10:08","modified_gmt":"2024-01-12T11:10:08","slug":"english","status":"publish","type":"page","link":"https:\/\/www.forkurset.no\/?page_id=1103","title":{"rendered":"Engelsk"},"content":{"rendered":"\n<div class=\"wp-block-columns is-layout-flex wp-container-core-columns-is-layout-9d6595d7 wp-block-columns-is-layout-flex\">\n<div class=\"wp-block-column is-layout-flow wp-block-column-is-layout-flow\" style=\"flex-basis:75%\">\n<p>Emnet engelsk skal ha vekt p\u00e5 klar, m\u00e5lrettet og brukervennlig skriftlig kommunikasjon. Det er et redskapspregede kommunikasjonsfag slik at de blir b\u00e5de ingeni\u00f8rfaglig relevant og akademisk forberedende. Studentene skal oppn\u00e5 kvalifikasjoner i \u00e5 kommunisere skriftlig og muntlig p\u00e5 engelsk. Emnet vektlegger skriving av studentoppgaver, dvs. resonnerende, dr\u00f8ftende og reflekterende oppgaver av faglig og akademisk art. (Retningslinjene 2021)<\/p>\n\n\n\n<p>Engelsk utgj\u00f8r 10% av forkursets omfang. Det er skriftlig felleseksamen i emnet.<\/p>\n<\/div>\n\n\n\n<div class=\"wp-block-column is-layout-flow wp-block-column-is-layout-flow\" style=\"flex-basis:25%\">\n<div class=\"menu-engelsk-container\"><ul id=\"menu-engelsk\" class=\"menu\"><li id=\"menu-item-1652\" class=\"menu-item menu-item-type-post_type menu-item-object-page menu-item-1652\"><a href=\"https:\/\/www.forkurset.no\/?page_id=1650\">L\u00e6ringsutbytte<\/a><\/li>\n<li id=\"menu-item-1656\" class=\"menu-item menu-item-type-post_type menu-item-object-page menu-item-1656\"><a href=\"https:\/\/www.forkurset.no\/?page_id=1653\">Referater<\/a><\/li>\n<\/ul><\/div>\n<\/div>\n<\/div>\n","protected":false},"excerpt":{"rendered":"<p>Emnet engelsk skal ha vekt p\u00e5 klar, m\u00e5lrettet og brukervennlig skriftlig kommunikasjon. Det er et redskapspregede kommunikasjonsfag slik at de blir b\u00e5de ingeni\u00f8rfaglig relevant og [&#8230;]<\/p>\n","protected":false},"author":5,"featured_media":0,"parent":1593,"menu_order":0,"comment_status":"closed","ping_status":"closed","template":"template-fullwidth.php","meta":{"footnotes":""},"class_list":["post-1103","page","type-page","status-publish","hentry"],"_links":{"self":[{"href":"https:\/\/www.forkurset.no\/index.php?rest_route=\/wp\/v2\/pages\/1103","targetHints":{"allow":["GET"]}}],"collection":[{"href":"https:\/\/www.forkurset.no\/index.php?rest_route=\/wp\/v2\/pages"}],"about":[{"href":"https:\/\/www.forkurset.no\/index.php?rest_route=\/wp\/v2\/types\/page"}],"author":[{"embeddable":true,"href":"https:\/\/www.forkurset.no\/index.php?rest_route=\/wp\/v2\/users\/5"}],"replies":[{"embeddable":true,"href":"https:\/\/www.forkurset.no\/index.php?rest_route=%2Fwp%2Fv2%2Fcomments&post=1103"}],"version-history":[{"count":0,"href":"https:\/\/www.forkurset.no\/index.php?rest_route=\/wp\/v2\/pages\/1103\/revisions"}],"up":[{"embeddable":true,"href":"https:\/\/www.forkurset.no\/index.php?rest_route=\/wp\/v2\/pages\/1593"}],"wp:attachment":[{"href":"https:\/\/www.forkurset.no\/index.php?rest_route=%2Fwp%2Fv2%2Fmedia&parent=1103"}],"curies":[{"name":"wp","href":"https:\/\/api.w.org\/{rel}","templated":true}]}}