{"id":10,"date":"2015-02-11T12:36:29","date_gmt":"2015-02-11T12:36:29","guid":{"rendered":"http:\/\/www.forkurset.no\/?page_id=10"},"modified":"2025-09-03T08:51:23","modified_gmt":"2025-09-03T06:51:23","slug":"informasjon-for-sokere-og-studenter","status":"publish","type":"page","link":"https:\/\/www.forkurset.no\/?page_id=10","title":{"rendered":"Informasjon for s\u00f8kere og studenter"},"content":{"rendered":"\n<h3 class=\"wp-block-heading\">Opptakskrav &#8211; det finnes tre alternativer:<\/h3>\n\n\n\n<ul class=\"wp-block-list\">\n<li>Du har generell studiekompetanse, men uten tilstrekkelig fordypning i matematikk og fysikk.<\/li>\n\n\n\n<li>Du har fagbrev eller fullf\u00f8rt og best\u00e5tt VG1 og VG2 fra andre studieretninger enn allmennfaglig.<\/li>\n\n\n\n<li>Du har grunnskole og minst 5 \u00e5rs praksis (eller en kombinasjon av videreg\u00e5ende skole og praksis).<\/li>\n<\/ul>\n\n\n\n<h3 class=\"wp-block-heading\">Hvor og hvordan?<\/h3>\n\n\n\n<ul class=\"wp-block-list\">\n<li>Alternative opptaksveier (forkurs, realfagskurs, Y-vei og TRES) tilbys mange steder i Norge.&nbsp;<a href=\"http:\/\/www.forkurset.no\/?page_id=13\">Se liste over studiesteder her<\/a>.<\/li>\n\n\n\n<li>S\u00f8knadsfrist for alternative opptaksveier er 15. april p\u00e5 de fleste steder, men det praktiseres rullerende opptak frem til studiestart dersom det finnes plasser igjen. G\u00e5 inn p\u00e5 det studiested du \u00f8nsker for \u00e5 finne ut mer om opptaket der.<\/li>\n\n\n\n<li>S\u00f8knadsskjema finner du p\u00e5 hjemmesiden til de enkelte studiestedene.<\/li>\n\n\n\n<li>Mer informasjon finner du p\u00e5 studiestedenes hjemmesider. Der kan du ta direkte kontakt. Se lenke over.&nbsp;<\/li>\n<\/ul>\n\n\n\n<h3 class=\"wp-block-heading\"><mark style=\"background-color:rgba(0, 0, 0, 0);color:#22a8d8\" class=\"has-inline-color\">Nasjonale eksamensdatoer v\u00e5ren 2026<\/mark><\/h3>\n\n\n\n<ul class=\"wp-block-list\">\n<li>Tirsdag 12. mai &#8211; Teknologi og samfunn <\/li>\n\n\n\n<li>Mandag\u00a0 18. mai &#8211; Fysikk<\/li>\n\n\n\n<li>Fredag 22. mai &#8211; Engelsk<\/li>\n\n\n\n<li>Torsdag 28. mai &#8211; Norsk <\/li>\n\n\n\n<li>Onsdag 3. juni &#8211; Matematikk<\/li>\n<\/ul>\n\n\n\n<h3 class=\"wp-block-heading\"><mark style=\"background-color:rgba(0, 0, 0, 0);color:#22a8d8\" class=\"has-inline-color\">Nasjonale eksamensdatoer august 2026 &#8211; utsatt eksamen<\/mark><\/h3>\n\n\n\n<ul class=\"wp-block-list\">\n<li>Tirsdag 4. august &#8211; Matematikk<\/li>\n\n\n\n<li>Onsdag 5. august &#8211; Norsk<\/li>\n\n\n\n<li>Torsdag 6. august &#8211; Teknologi og samfunn <\/li>\n\n\n\n<li>Fredag 7. august &#8211; Fysikk<\/li>\n\n\n\n<li>Mandag\u00a0 10. august &#8211; Engelsk<\/li>\n<\/ul>\n","protected":false},"excerpt":{"rendered":"<p>Opptakskrav &#8211; det finnes tre alternativer: Hvor og hvordan? Nasjonale eksamensdatoer v\u00e5ren 2026 Nasjonale eksamensdatoer august 2026 &#8211; utsatt eksamen<\/p>\n","protected":false},"author":1,"featured_media":0,"parent":0,"menu_order":0,"comment_status":"closed","ping_status":"closed","template":"","meta":{"footnotes":""},"class_list":["post-10","page","type-page","status-publish","hentry"],"_links":{"self":[{"href":"https:\/\/www.forkurset.no\/index.php?rest_route=\/wp\/v2\/pages\/10","targetHints":{"allow":["GET"]}}],"collection":[{"href":"https:\/\/www.forkurset.no\/index.php?rest_route=\/wp\/v2\/pages"}],"about":[{"href":"https:\/\/www.forkurset.no\/index.php?rest_route=\/wp\/v2\/types\/page"}],"author":[{"embeddable":true,"href":"https:\/\/www.forkurset.no\/index.php?rest_route=\/wp\/v2\/users\/1"}],"replies":[{"embeddable":true,"href":"https:\/\/www.forkurset.no\/index.php?rest_route=%2Fwp%2Fv2%2Fcomments&post=10"}],"version-history":[{"count":0,"href":"https:\/\/www.forkurset.no\/index.php?rest_route=\/wp\/v2\/pages\/10\/revisions"}],"wp:attachment":[{"href":"https:\/\/www.forkurset.no\/index.php?rest_route=%2Fwp%2Fv2%2Fmedia&parent=10"}],"curies":[{"name":"wp","href":"https:\/\/api.w.org\/{rel}","templated":true}]}}